{"id":8,"date":"2024-11-22T10:59:54","date_gmt":"2024-11-22T09:59:54","guid":{"rendered":"https:\/\/ofildupaysage.fr\/?page_id=8"},"modified":"2025-03-05T09:33:10","modified_gmt":"2025-03-05T08:33:10","slug":"en-construction","status":"publish","type":"page","link":"https:\/\/ofildupaysage.fr\/index.php\/en-construction\/","title":{"rendered":"En Construction"},"content":{"rendered":"\t\t<div data-elementor-type=\"wp-page\" data-elementor-id=\"8\" class=\"elementor elementor-8\">\n\t\t\t\t<div class=\"elementor-element elementor-element-9bc38fb e-flex e-con-boxed e-con e-parent\" data-id=\"9bc38fb\" data-element_type=\"container\" data-e-type=\"container\">\n\t\t\t\t\t<div class=\"e-con-inner\">\n\t\t\t\t<div class=\"elementor-element elementor-element-4411ba3 elementor-widget-mobile__width-inherit elementor-widget elementor-widget-image\" data-id=\"4411ba3\" data-element_type=\"widget\" data-e-type=\"widget\" data-widget_type=\"image.default\">\n\t\t\t\t<div class=\"elementor-widget-container\">\n\t\t\t\t\t\t\t\t\t\t\t\t\t\t\t<img fetchpriority=\"high\" decoding=\"async\" width=\"300\" height=\"282\" src=\"https:\/\/ofildupaysage.fr\/wp-content\/uploads\/2024\/11\/Logo_site-3-300x282.png\" class=\"attachment-medium size-medium wp-image-45\" alt=\"\" srcset=\"https:\/\/ofildupaysage.fr\/wp-content\/uploads\/2024\/11\/Logo_site-3-300x282.png 300w, https:\/\/ofildupaysage.fr\/wp-content\/uploads\/2024\/11\/Logo_site-3-1024x964.png 1024w, https:\/\/ofildupaysage.fr\/wp-content\/uploads\/2024\/11\/Logo_site-3-768x723.png 768w, https:\/\/ofildupaysage.fr\/wp-content\/uploads\/2024\/11\/Logo_site-3-1536x1446.png 1536w, https:\/\/ofildupaysage.fr\/wp-content\/uploads\/2024\/11\/Logo_site-3.png 1610w\" sizes=\"(max-width: 300px) 100vw, 300px\" \/>\t\t\t\t\t\t\t\t\t\t\t\t\t\t\t<\/div>\n\t\t\t\t<\/div>\n\t\t\t\t<div class=\"elementor-element elementor-element-b3816f4 elementor-widget-mobile__width-inherit elementor-widget elementor-widget-image\" data-id=\"b3816f4\" data-element_type=\"widget\" data-e-type=\"widget\" data-widget_type=\"image.default\">\n\t\t\t\t<div class=\"elementor-widget-container\">\n\t\t\t\t\t\t\t\t\t\t\t\t\t\t\t<img decoding=\"async\" width=\"1024\" height=\"179\" src=\"https:\/\/ofildupaysage.fr\/wp-content\/uploads\/2024\/11\/Naming-Site-1024x179.png\" class=\"attachment-large size-large wp-image-36\" alt=\"\" srcset=\"https:\/\/ofildupaysage.fr\/wp-content\/uploads\/2024\/11\/Naming-Site-1024x179.png 1024w, https:\/\/ofildupaysage.fr\/wp-content\/uploads\/2024\/11\/Naming-Site-300x52.png 300w, https:\/\/ofildupaysage.fr\/wp-content\/uploads\/2024\/11\/Naming-Site-768x134.png 768w, https:\/\/ofildupaysage.fr\/wp-content\/uploads\/2024\/11\/Naming-Site-1536x268.png 1536w, https:\/\/ofildupaysage.fr\/wp-content\/uploads\/2024\/11\/Naming-Site-2048x357.png 2048w\" sizes=\"(max-width: 1024px) 100vw, 1024px\" \/>\t\t\t\t\t\t\t\t\t\t\t\t\t\t\t<\/div>\n\t\t\t\t<\/div>\n\t\t\t\t<div class=\"elementor-element elementor-element-7aa58e1 elementor-widget elementor-widget-heading\" data-id=\"7aa58e1\" data-element_type=\"widget\" data-e-type=\"widget\" data-widget_type=\"heading.default\">\n\t\t\t\t<div class=\"elementor-widget-container\">\n\t\t\t\t\t<h2 class=\"elementor-heading-title elementor-size-default\">Une passion, un savoir-faire, \n<\/h2>\t\t\t\t<\/div>\n\t\t\t\t<\/div>\n\t\t\t\t<div class=\"elementor-element elementor-element-91747a7 elementor-widget elementor-widget-heading\" data-id=\"91747a7\" data-element_type=\"widget\" data-e-type=\"widget\" data-widget_type=\"heading.default\">\n\t\t\t\t<div class=\"elementor-widget-container\">\n\t\t\t\t\t<h2 class=\"elementor-heading-title elementor-size-default\">votre jardin !<\/h2>\t\t\t\t<\/div>\n\t\t\t\t<\/div>\n\t\t\t\t<div class=\"elementor-element elementor-element-26cbea4 elementor-widget elementor-widget-text-editor\" data-id=\"26cbea4\" data-element_type=\"widget\" data-e-type=\"widget\" data-widget_type=\"text-editor.default\">\n\t\t\t\t<div class=\"elementor-widget-container\">\n\t\t\t\t\t\t\t\t\t<p>Notre site est en construction,<br \/>Mais vous pouvez d\u2019ores et d\u00e9j\u00e0 nous contacter par mail \u00e0 :<br \/><a href=\"mailto:mael@ofildupaysage.fr\">mael@ofildupaysage.fr<\/a> <br \/><a href=\"mailto:hippo@ofildupaysage.fr\">hippo@ofildupaysage.fr<\/a><\/p>\t\t\t\t\t\t\t\t<\/div>\n\t\t\t\t<\/div>\n\t\t\t\t\t<\/div>\n\t\t\t\t<\/div>\n\t\t<div class=\"elementor-element elementor-element-173b842 e-flex e-con-boxed e-con e-parent\" data-id=\"173b842\" data-element_type=\"container\" data-e-type=\"container\">\n\t\t\t\t\t<div class=\"e-con-inner\">\n\t\t\t\t<div class=\"elementor-element elementor-element-9bf0546 elementor-fixed elementor-widget elementor-widget-image\" data-id=\"9bf0546\" data-element_type=\"widget\" data-e-type=\"widget\" data-settings=\"{&quot;_position&quot;:&quot;fixed&quot;}\" data-widget_type=\"image.default\">\n\t\t\t\t<div class=\"elementor-widget-container\">\n\t\t\t\t\t\t\t\t\t\t\t\t\t\t\t<img decoding=\"async\" width=\"2105\" height=\"2858\" src=\"https:\/\/ofildupaysage.fr\/wp-content\/uploads\/2024\/11\/Feuilles_G.png\" class=\"attachment-full size-full wp-image-54\" alt=\"\" srcset=\"https:\/\/ofildupaysage.fr\/wp-content\/uploads\/2024\/11\/Feuilles_G.png 2105w, https:\/\/ofildupaysage.fr\/wp-content\/uploads\/2024\/11\/Feuilles_G-221x300.png 221w, https:\/\/ofildupaysage.fr\/wp-content\/uploads\/2024\/11\/Feuilles_G-754x1024.png 754w, https:\/\/ofildupaysage.fr\/wp-content\/uploads\/2024\/11\/Feuilles_G-768x1043.png 768w, https:\/\/ofildupaysage.fr\/wp-content\/uploads\/2024\/11\/Feuilles_G-1131x1536.png 1131w, https:\/\/ofildupaysage.fr\/wp-content\/uploads\/2024\/11\/Feuilles_G-1508x2048.png 1508w\" sizes=\"(max-width: 2105px) 100vw, 2105px\" \/>\t\t\t\t\t\t\t\t\t\t\t\t\t\t\t<\/div>\n\t\t\t\t<\/div>\n\t\t\t\t\t<\/div>\n\t\t\t\t<\/div>\n\t\t<div class=\"elementor-element elementor-element-6e1d9f2 e-flex e-con-boxed e-con e-parent\" data-id=\"6e1d9f2\" data-element_type=\"container\" data-e-type=\"container\">\n\t\t\t\t\t<div class=\"e-con-inner\">\n\t\t\t\t<div class=\"elementor-element elementor-element-565beeb elementor-fixed elementor-widget elementor-widget-image\" data-id=\"565beeb\" data-element_type=\"widget\" data-e-type=\"widget\" data-settings=\"{&quot;_position&quot;:&quot;fixed&quot;}\" data-widget_type=\"image.default\">\n\t\t\t\t<div class=\"elementor-widget-container\">\n\t\t\t\t\t\t\t\t\t\t\t\t\t\t\t<img loading=\"lazy\" decoding=\"async\" width=\"2105\" height=\"2858\" src=\"https:\/\/ofildupaysage.fr\/wp-content\/uploads\/2024\/11\/Feuilles_D.png\" class=\"attachment-full size-full wp-image-53\" alt=\"\" srcset=\"https:\/\/ofildupaysage.fr\/wp-content\/uploads\/2024\/11\/Feuilles_D.png 2105w, https:\/\/ofildupaysage.fr\/wp-content\/uploads\/2024\/11\/Feuilles_D-221x300.png 221w, https:\/\/ofildupaysage.fr\/wp-content\/uploads\/2024\/11\/Feuilles_D-754x1024.png 754w, https:\/\/ofildupaysage.fr\/wp-content\/uploads\/2024\/11\/Feuilles_D-768x1043.png 768w, https:\/\/ofildupaysage.fr\/wp-content\/uploads\/2024\/11\/Feuilles_D-1131x1536.png 1131w, https:\/\/ofildupaysage.fr\/wp-content\/uploads\/2024\/11\/Feuilles_D-1508x2048.png 1508w\" sizes=\"(max-width: 2105px) 100vw, 2105px\" \/>\t\t\t\t\t\t\t\t\t\t\t\t\t\t\t<\/div>\n\t\t\t\t<\/div>\n\t\t\t\t\t<\/div>\n\t\t\t\t<\/div>\n\t\t\t\t<\/div>\n\t\t","protected":false},"excerpt":{"rendered":"<p>Une passion, un savoir-faire, votre jardin ! Notre site est en construction,Mais vous pouvez d\u2019ores et d\u00e9j\u00e0 nous contacter par mail \u00e0 :mael@ofildupaysage.fr hippo@ofildupaysage.fr<\/p>\n","protected":false},"author":1,"featured_media":0,"parent":0,"menu_order":0,"comment_status":"closed","ping_status":"closed","template":"templates\/landing.php","meta":{"ocean_post_layout":"","ocean_both_sidebars_style":"","ocean_both_sidebars_content_width":0,"ocean_both_sidebars_sidebars_width":0,"ocean_sidebar":"","ocean_second_sidebar":"","ocean_disable_margins":"enable","ocean_add_body_class":"","ocean_shortcode_before_top_bar":"","ocean_shortcode_after_top_bar":"","ocean_shortcode_before_header":"","ocean_shortcode_after_header":"","ocean_has_shortcode":"","ocean_shortcode_after_title":"","ocean_shortcode_before_footer_widgets":"","ocean_shortcode_after_footer_widgets":"","ocean_shortcode_before_footer_bottom":"","ocean_shortcode_after_footer_bottom":"","ocean_display_top_bar":"default","ocean_display_header":"default","ocean_header_style":"","ocean_center_header_left_menu":"","ocean_custom_header_template":"","ocean_custom_logo":0,"ocean_custom_retina_logo":0,"ocean_custom_logo_max_width":0,"ocean_custom_logo_tablet_max_width":0,"ocean_custom_logo_mobile_max_width":0,"ocean_custom_logo_max_height":0,"ocean_custom_logo_tablet_max_height":0,"ocean_custom_logo_mobile_max_height":0,"ocean_header_custom_menu":"","ocean_menu_typo_font_family":"","ocean_menu_typo_font_subset":"","ocean_menu_typo_font_size":0,"ocean_menu_typo_font_size_tablet":0,"ocean_menu_typo_font_size_mobile":0,"ocean_menu_typo_font_size_unit":"px","ocean_menu_typo_font_weight":"","ocean_menu_typo_font_weight_tablet":"","ocean_menu_typo_font_weight_mobile":"","ocean_menu_typo_transform":"","ocean_menu_typo_transform_tablet":"","ocean_menu_typo_transform_mobile":"","ocean_menu_typo_line_height":0,"ocean_menu_typo_line_height_tablet":0,"ocean_menu_typo_line_height_mobile":0,"ocean_menu_typo_line_height_unit":"","ocean_menu_typo_spacing":0,"ocean_menu_typo_spacing_tablet":0,"ocean_menu_typo_spacing_mobile":0,"ocean_menu_typo_spacing_unit":"","ocean_menu_link_color":"","ocean_menu_link_color_hover":"","ocean_menu_link_color_active":"","ocean_menu_link_background":"","ocean_menu_link_hover_background":"","ocean_menu_link_active_background":"","ocean_menu_social_links_bg":"","ocean_menu_social_hover_links_bg":"","ocean_menu_social_links_color":"","ocean_menu_social_hover_links_color":"","ocean_disable_title":"on","ocean_disable_heading":"default","ocean_post_title":"","ocean_post_subheading":"","ocean_post_title_style":"","ocean_post_title_background_color":"","ocean_post_title_background":0,"ocean_post_title_bg_image_position":"","ocean_post_title_bg_image_attachment":"","ocean_post_title_bg_image_repeat":"","ocean_post_title_bg_image_size":"","ocean_post_title_height":0,"ocean_post_title_bg_overlay":0.5,"ocean_post_title_bg_overlay_color":"","ocean_disable_breadcrumbs":"default","ocean_breadcrumbs_color":"","ocean_breadcrumbs_separator_color":"","ocean_breadcrumbs_links_color":"","ocean_breadcrumbs_links_hover_color":"","ocean_display_footer_widgets":"default","ocean_display_footer_bottom":"default","ocean_custom_footer_template":"","footnotes":""},"class_list":["post-8","page","type-page","status-publish","hentry","entry"],"yoast_head":"<!-- This site is optimized with the Yoast SEO plugin v27.1.1 - https:\/\/yoast.com\/product\/yoast-seo-wordpress\/ -->\n<title>En Construction - \u00d4 fil du Paysage<\/title>\n<meta name=\"robots\" content=\"noindex, nofollow\" \/>\n<meta property=\"og:locale\" content=\"fr_FR\" \/>\n<meta property=\"og:type\" content=\"article\" \/>\n<meta property=\"og:title\" content=\"En Construction - \u00d4 fil du Paysage\" \/>\n<meta property=\"og:description\" content=\"Une passion, un savoir-faire, votre jardin ! Notre site est en construction,Mais vous pouvez d\u2019ores et d\u00e9j\u00e0 nous contacter par mail \u00e0 :mael@ofildupaysage.fr hippo@ofildupaysage.fr\" \/>\n<meta property=\"og:url\" content=\"https:\/\/ofildupaysage.fr\/index.php\/en-construction\/\" \/>\n<meta property=\"og:site_name\" content=\"\u00d4 fil du Paysage\" \/>\n<meta property=\"article:modified_time\" content=\"2025-03-05T08:33:10+00:00\" \/>\n<meta property=\"og:image\" content=\"http:\/\/ofildupaysage.fr\/wp-content\/uploads\/2024\/11\/Logo_site-3-300x282.png\" \/>\n<meta name=\"twitter:card\" content=\"summary_large_image\" \/>\n<meta name=\"twitter:label1\" content=\"Dur\u00e9e de lecture estim\u00e9e\" \/>\n\t<meta name=\"twitter:data1\" content=\"1 minute\" \/>\n<script type=\"application\/ld+json\" class=\"yoast-schema-graph\">{\"@context\":\"https:\/\/schema.org\",\"@graph\":[{\"@type\":\"WebPage\",\"@id\":\"https:\/\/ofildupaysage.fr\/index.php\/en-construction\/\",\"url\":\"https:\/\/ofildupaysage.fr\/index.php\/en-construction\/\",\"name\":\"En Construction - \u00d4 fil du Paysage\",\"isPartOf\":{\"@id\":\"https:\/\/ofildupaysage.fr\/#website\"},\"primaryImageOfPage\":{\"@id\":\"https:\/\/ofildupaysage.fr\/index.php\/en-construction\/#primaryimage\"},\"image\":{\"@id\":\"https:\/\/ofildupaysage.fr\/index.php\/en-construction\/#primaryimage\"},\"thumbnailUrl\":\"http:\/\/ofildupaysage.fr\/wp-content\/uploads\/2024\/11\/Logo_site-3-300x282.png\",\"datePublished\":\"2024-11-22T09:59:54+00:00\",\"dateModified\":\"2025-03-05T08:33:10+00:00\",\"breadcrumb\":{\"@id\":\"https:\/\/ofildupaysage.fr\/index.php\/en-construction\/#breadcrumb\"},\"inLanguage\":\"fr-FR\",\"potentialAction\":[{\"@type\":\"ReadAction\",\"target\":[\"https:\/\/ofildupaysage.fr\/index.php\/en-construction\/\"]}]},{\"@type\":\"ImageObject\",\"inLanguage\":\"fr-FR\",\"@id\":\"https:\/\/ofildupaysage.fr\/index.php\/en-construction\/#primaryimage\",\"url\":\"http:\/\/ofildupaysage.fr\/wp-content\/uploads\/2024\/11\/Logo_site-3-300x282.png\",\"contentUrl\":\"http:\/\/ofildupaysage.fr\/wp-content\/uploads\/2024\/11\/Logo_site-3-300x282.png\"},{\"@type\":\"BreadcrumbList\",\"@id\":\"https:\/\/ofildupaysage.fr\/index.php\/en-construction\/#breadcrumb\",\"itemListElement\":[{\"@type\":\"ListItem\",\"position\":1,\"name\":\"Accueil\",\"item\":\"https:\/\/ofildupaysage.fr\/\"},{\"@type\":\"ListItem\",\"position\":2,\"name\":\"En Construction\"}]},{\"@type\":\"WebSite\",\"@id\":\"https:\/\/ofildupaysage.fr\/#website\",\"url\":\"https:\/\/ofildupaysage.fr\/\",\"name\":\"\u00d4 fil du Paysage\",\"description\":\"Une passion, un savoir-faire, votre jardin !\",\"potentialAction\":[{\"@type\":\"SearchAction\",\"target\":{\"@type\":\"EntryPoint\",\"urlTemplate\":\"https:\/\/ofildupaysage.fr\/?s={search_term_string}\"},\"query-input\":{\"@type\":\"PropertyValueSpecification\",\"valueRequired\":true,\"valueName\":\"search_term_string\"}}],\"inLanguage\":\"fr-FR\"}]}<\/script>\n<!-- \/ Yoast SEO plugin. -->","yoast_head_json":{"title":"En Construction - \u00d4 fil du Paysage","robots":{"index":"noindex","follow":"nofollow"},"og_locale":"fr_FR","og_type":"article","og_title":"En Construction - \u00d4 fil du Paysage","og_description":"Une passion, un savoir-faire, votre jardin ! Notre site est en construction,Mais vous pouvez d\u2019ores et d\u00e9j\u00e0 nous contacter par mail \u00e0 :mael@ofildupaysage.fr hippo@ofildupaysage.fr","og_url":"https:\/\/ofildupaysage.fr\/index.php\/en-construction\/","og_site_name":"\u00d4 fil du Paysage","article_modified_time":"2025-03-05T08:33:10+00:00","og_image":[{"url":"http:\/\/ofildupaysage.fr\/wp-content\/uploads\/2024\/11\/Logo_site-3-300x282.png","type":"","width":"","height":""}],"twitter_card":"summary_large_image","twitter_misc":{"Dur\u00e9e de lecture estim\u00e9e":"1 minute"},"schema":{"@context":"https:\/\/schema.org","@graph":[{"@type":"WebPage","@id":"https:\/\/ofildupaysage.fr\/index.php\/en-construction\/","url":"https:\/\/ofildupaysage.fr\/index.php\/en-construction\/","name":"En Construction - \u00d4 fil du Paysage","isPartOf":{"@id":"https:\/\/ofildupaysage.fr\/#website"},"primaryImageOfPage":{"@id":"https:\/\/ofildupaysage.fr\/index.php\/en-construction\/#primaryimage"},"image":{"@id":"https:\/\/ofildupaysage.fr\/index.php\/en-construction\/#primaryimage"},"thumbnailUrl":"http:\/\/ofildupaysage.fr\/wp-content\/uploads\/2024\/11\/Logo_site-3-300x282.png","datePublished":"2024-11-22T09:59:54+00:00","dateModified":"2025-03-05T08:33:10+00:00","breadcrumb":{"@id":"https:\/\/ofildupaysage.fr\/index.php\/en-construction\/#breadcrumb"},"inLanguage":"fr-FR","potentialAction":[{"@type":"ReadAction","target":["https:\/\/ofildupaysage.fr\/index.php\/en-construction\/"]}]},{"@type":"ImageObject","inLanguage":"fr-FR","@id":"https:\/\/ofildupaysage.fr\/index.php\/en-construction\/#primaryimage","url":"http:\/\/ofildupaysage.fr\/wp-content\/uploads\/2024\/11\/Logo_site-3-300x282.png","contentUrl":"http:\/\/ofildupaysage.fr\/wp-content\/uploads\/2024\/11\/Logo_site-3-300x282.png"},{"@type":"BreadcrumbList","@id":"https:\/\/ofildupaysage.fr\/index.php\/en-construction\/#breadcrumb","itemListElement":[{"@type":"ListItem","position":1,"name":"Accueil","item":"https:\/\/ofildupaysage.fr\/"},{"@type":"ListItem","position":2,"name":"En Construction"}]},{"@type":"WebSite","@id":"https:\/\/ofildupaysage.fr\/#website","url":"https:\/\/ofildupaysage.fr\/","name":"\u00d4 fil du Paysage","description":"Une passion, un savoir-faire, votre jardin !","potentialAction":[{"@type":"SearchAction","target":{"@type":"EntryPoint","urlTemplate":"https:\/\/ofildupaysage.fr\/?s={search_term_string}"},"query-input":{"@type":"PropertyValueSpecification","valueRequired":true,"valueName":"search_term_string"}}],"inLanguage":"fr-FR"}]}},"_links":{"self":[{"href":"https:\/\/ofildupaysage.fr\/index.php\/wp-json\/wp\/v2\/pages\/8","targetHints":{"allow":["GET"]}}],"collection":[{"href":"https:\/\/ofildupaysage.fr\/index.php\/wp-json\/wp\/v2\/pages"}],"about":[{"href":"https:\/\/ofildupaysage.fr\/index.php\/wp-json\/wp\/v2\/types\/page"}],"author":[{"embeddable":true,"href":"https:\/\/ofildupaysage.fr\/index.php\/wp-json\/wp\/v2\/users\/1"}],"replies":[{"embeddable":true,"href":"https:\/\/ofildupaysage.fr\/index.php\/wp-json\/wp\/v2\/comments?post=8"}],"version-history":[{"count":47,"href":"https:\/\/ofildupaysage.fr\/index.php\/wp-json\/wp\/v2\/pages\/8\/revisions"}],"predecessor-version":[{"id":92,"href":"https:\/\/ofildupaysage.fr\/index.php\/wp-json\/wp\/v2\/pages\/8\/revisions\/92"}],"wp:attachment":[{"href":"https:\/\/ofildupaysage.fr\/index.php\/wp-json\/wp\/v2\/media?parent=8"}],"curies":[{"name":"wp","href":"https:\/\/api.w.org\/{rel}","templated":true}]}}